{"id":7,"date":"2024-09-12T19:18:22","date_gmt":"2024-09-12T19:18:22","guid":{"rendered":"https:\/\/mirapordonde.net\/?page_id=7"},"modified":"2024-09-12T19:21:45","modified_gmt":"2024-09-12T19:21:45","slug":"elementor-7","status":"publish","type":"page","link":"https:\/\/mirapordonde.net\/","title":{"rendered":"Inicio"},"content":{"rendered":"\t\t<div data-elementor-type=\"wp-page\" data-elementor-id=\"7\" class=\"elementor elementor-7\">\n\t\t\t\t\t\t<section class=\"elementor-section elementor-top-section elementor-element elementor-element-3200a1c5 elementor-section-height-min-height elementor-section-boxed elementor-section-height-default elementor-section-items-middle\" data-id=\"3200a1c5\" data-element_type=\"section\" data-settings=\"{&quot;background_background&quot;:&quot;classic&quot;}\">\n\t\t\t\t\t\t\t<div class=\"elementor-background-overlay\"><\/div>\n\t\t\t\t\t\t\t<div class=\"elementor-container elementor-column-gap-default\">\n\t\t\t\t\t<div class=\"elementor-column elementor-col-100 elementor-top-column elementor-element elementor-element-1c18e326\" data-id=\"1c18e326\" data-element_type=\"column\">\n\t\t\t<div class=\"elementor-widget-wrap elementor-element-populated\">\n\t\t\t\t\t\t<section class=\"elementor-section elementor-inner-section elementor-element elementor-element-12f69f76 elementor-section-boxed elementor-section-height-default elementor-section-height-default\" data-id=\"12f69f76\" data-element_type=\"section\">\n\t\t\t\t\t\t<div class=\"elementor-container elementor-column-gap-default\">\n\t\t\t\t\t<div class=\"elementor-column elementor-col-50 elementor-inner-column elementor-element elementor-element-c6d2d6a\" data-id=\"c6d2d6a\" data-element_type=\"column\">\n\t\t\t<div class=\"elementor-widget-wrap elementor-element-populated\">\n\t\t\t\t\t\t<div class=\"elementor-element elementor-element-e56c54f elementor-widget__width-initial elementor-widget elementor-widget-elementskit-heading\" data-id=\"e56c54f\" data-element_type=\"widget\" data-widget_type=\"elementskit-heading.default\">\n\t\t\t\t<div class=\"elementor-widget-container\">\n\t\t\t<div class=\"ekit-wid-con\" ><div class=\"ekit-heading elementskit-section-title-wraper text_left   ekit_heading_tablet-   ekit_heading_mobile-\"><h1 class=\"ekit-heading--title elementskit-section-title \">Jes\u00fas Bosque<\/h1><\/div><\/div>\t\t<\/div>\n\t\t\t\t<\/div>\n\t\t\t\t\t<\/div>\n\t\t<\/div>\n\t\t\t\t<div class=\"elementor-column elementor-col-50 elementor-inner-column elementor-element elementor-element-4f189ad3\" data-id=\"4f189ad3\" data-element_type=\"column\">\n\t\t\t<div class=\"elementor-widget-wrap elementor-element-populated\">\n\t\t\t\t\t\t<div class=\"elementor-element elementor-element-ef0a118 elementor-widget__width-initial elementor-widget elementor-widget-image\" data-id=\"ef0a118\" data-element_type=\"widget\" data-widget_type=\"image.default\">\n\t\t\t\t<div class=\"elementor-widget-container\">\n\t\t\t<style>\/*! elementor - v3.23.0 - 05-08-2024 *\/\n.elementor-widget-image{text-align:center}.elementor-widget-image a{display:inline-block}.elementor-widget-image a img[src$=\".svg\"]{width:48px}.elementor-widget-image img{vertical-align:middle;display:inline-block}<\/style>\t\t\t\t\t\t\t\t\t\t<img decoding=\"async\" width=\"253\" height=\"159\" src=\"https:\/\/mirapordonde.net\/wp-content\/uploads\/2024\/09\/jesus-bosque.jpg\" class=\"attachment-large size-large wp-image-80\" alt=\"\" \/>\t\t\t\t\t\t\t\t\t\t\t\t\t<\/div>\n\t\t\t\t<\/div>\n\t\t\t\t\t<\/div>\n\t\t<\/div>\n\t\t\t\t\t<\/div>\n\t\t<\/section>\n\t\t\t\t\t<\/div>\n\t\t<\/div>\n\t\t\t\t\t<\/div>\n\t\t<\/section>\n\t\t\t\t<section class=\"elementor-section elementor-top-section elementor-element elementor-element-26db8795 elementor-section-height-min-height elementor-section-boxed elementor-section-height-default elementor-section-items-middle\" data-id=\"26db8795\" data-element_type=\"section\" data-settings=\"{&quot;background_background&quot;:&quot;classic&quot;}\">\n\t\t\t\t\t\t\t<div class=\"elementor-background-overlay\"><\/div>\n\t\t\t\t\t\t\t<div class=\"elementor-container elementor-column-gap-default\">\n\t\t\t\t\t<div class=\"elementor-column elementor-col-33 elementor-top-column elementor-element elementor-element-3cfdf0e7\" data-id=\"3cfdf0e7\" data-element_type=\"column\">\n\t\t\t<div class=\"elementor-widget-wrap elementor-element-populated\">\n\t\t\t\t\t\t<div class=\"elementor-element elementor-element-ec7b944 elementor-widget__width-initial elementor-widget elementor-widget-text-editor\" data-id=\"ec7b944\" data-element_type=\"widget\" data-widget_type=\"text-editor.default\">\n\t\t\t\t<div class=\"elementor-widget-container\">\n\t\t\t<style>\/*! elementor - v3.23.0 - 05-08-2024 *\/\n.elementor-widget-text-editor.elementor-drop-cap-view-stacked .elementor-drop-cap{background-color:#69727d;color:#fff}.elementor-widget-text-editor.elementor-drop-cap-view-framed .elementor-drop-cap{color:#69727d;border:3px solid;background-color:transparent}.elementor-widget-text-editor:not(.elementor-drop-cap-view-default) .elementor-drop-cap{margin-top:8px}.elementor-widget-text-editor:not(.elementor-drop-cap-view-default) .elementor-drop-cap-letter{width:1em;height:1em}.elementor-widget-text-editor .elementor-drop-cap{float:left;text-align:center;line-height:1;font-size:50px}.elementor-widget-text-editor .elementor-drop-cap-letter{display:inline-block}<\/style>\t\t\t\t<h4>Filmograf\u00eda<\/h4>\n<ul class=\"peliculas\">\n<li>FILMOGRAF\u00cdA DE MONTA\u00d1A<br \/><a href=\"peliculas\/jesus\/07-montanas_ayer.htm\">Monta\u00f1as de Ayer<\/a><a href=\"peliculas\/jesus\/01-baile_negritos.htm\"><br \/><\/a><a href=\"peliculas\/jesus\/11-hidrofilia.htm\">Hidrofilia<br \/><\/a><a href=\"peliculas\/jesus\/12-tercero_cuerda.htm\">Tercero de Cuerda<br \/><\/a><a href=\"peliculas\/jesus\/17-fuenfria.htm\">Fuenfr\u00eda<\/a><a href=\"peliculas\/jesus\/20-montanas_de_cine.htm\"><br \/>Monta\u00f1as de Cine<br \/><\/a><a href=\"peliculas\/jesus\/22-huella_de_vuelta.htm\">Huella de Vuelta<\/a><br \/><span class=\"Estilo1\"><a href=\"peliculas\/jesus\/23-viento_sur.htm\">Viento Sur<\/a><\/span><\/li>\n<li><a href=\"peliculas\/jesus\/27-desapegando.htm\">Desapegando<\/a><\/li>\n<li><a href=\"peliculas\/jesus\/30-karim_non_stop.htm\">Karim, non stop<\/a><\/li>\n<li><br \/>FILMOGRAFIA IND\u00cdGENA<br \/><a href=\"peliculas\/jesus\/01-baile_negritos.htm\">El Baile de los Negritos<\/a><br \/><a href=\"peliculas\/jesus\/02-caloto.htm\">Caloto, un a\u00f1o despu\u00e9s<\/a><a href=\"peliculas\/jesus\/01-baile_negritos.htm\"><br \/><\/a><a href=\"peliculas\/jesus\/03-nasa_tul.htm\">Nasa Tul<\/a><a href=\"peliculas\/jesus\/01-baile_negritos.htm\"><br \/><\/a><a href=\"peliculas\/jesus\/04-nuestra_lengua.htm\">Nuestra Lengua es Importante<br \/><\/a><a href=\"peliculas\/jesus\/05-organizamos.htm\">As\u00ed nos Organizamos<\/a><a href=\"peliculas\/jesus\/18-cantos_huaoranis.htm\"><br \/>Cantos Huaoranis<\/a><br \/><span class=\"Estilo1\"><a href=\"peliculas\/jesus\/19-asalto_petrolera.htm\">Asalto a la Petrolera I y II<\/a><\/span><\/li>\n<li><br \/>OTRA FILMOGRAF\u00cdA<br \/><a href=\"peliculas\/jesus\/06-aragon_solidario.htm\">Un Arag\u00f3n Solidario<br \/><\/a><a href=\"peliculas\/jesus\/08-ruta_estrellas.htm\">La Ruta de las Estrellas<\/a><\/li>\n<li><a href=\"peliculas\/jesus\/09-lenguas_aragon.htm\">Las Lenguas de Arag\u00f3n<\/a><\/li>\n<li><a href=\"peliculas\/jesus\/10-monroyo.htm\">Monroyo, un lugar para vivir<br \/><\/a><a href=\"peliculas\/jesus\/13-batalla_alcoraz.htm\">La Batalla de Alcoraz<\/a><\/li>\n<li><a href=\"peliculas\/jesus\/14-rios_arte.htm\">Arag\u00f3n: agua, r\u00edos y arte<\/a><\/li>\n<li><a href=\"peliculas\/jesus\/15-jaima.htm\">Todo sobre mi Jaima<\/a><\/li>\n<li><a href=\"peliculas\/jesus\/16-sweet_espana.htm\">Sweet Espa\u00f1a<br \/><\/a><a href=\"peliculas\/jesus\/21-ecos_de_escuela.htm\">Ecos de Escuela<br \/><\/a><a href=\"peliculas\/jesus\/24-mama_libertad.htm\">Mam\u00e1 Libertad<\/a><\/li>\n<li class=\"Estilo1\"><a href=\"peliculas\/jesus\/25-camila.htm\">Camila<\/a><\/li>\n<li class=\"Estilo1\"><a href=\"peliculas\/jesus\/26-break_zone.htm\">Break Zone<\/a><\/li>\n<li class=\"Estilo1\"><a href=\"peliculas\/jesus\/28-cajas_de_ahorro.htm\">Cajas de Ahorro-Cr\u00e9dito Solidarias<\/a><\/li>\n<li class=\"Estilo1\"><a href=\"peliculas\/jesus\/29-en_la_lucha.htm\">En la Lucha<\/a><\/li>\n<li class=\"Estilo1\"><a href=\"peliculas\/jesus\/31-grupo_sobrarbe.htm\">Grupo Sobrarbe<\/a><\/li>\n<li class=\"Estilo1\"><a href=\"peliculas\/jesus\/32-20_veces_20.htm\">20 veces 20<\/a><\/li>\n<\/ul>\t\t\t\t\t\t<\/div>\n\t\t\t\t<\/div>\n\t\t\t\t\t<\/div>\n\t\t<\/div>\n\t\t\t\t<div class=\"elementor-column elementor-col-33 elementor-top-column elementor-element elementor-element-cbeb509\" data-id=\"cbeb509\" data-element_type=\"column\">\n\t\t\t<div class=\"elementor-widget-wrap\">\n\t\t\t\t\t\t\t<\/div>\n\t\t<\/div>\n\t\t\t\t<div class=\"elementor-column elementor-col-33 elementor-top-column elementor-element elementor-element-2d194eb0\" data-id=\"2d194eb0\" data-element_type=\"column\">\n\t\t\t<div class=\"elementor-widget-wrap elementor-element-populated\">\n\t\t\t\t\t\t<div class=\"elementor-element elementor-element-4bfc46ae elementor-widget__width-initial elementor-widget elementor-widget-elementskit-heading\" data-id=\"4bfc46ae\" data-element_type=\"widget\" data-widget_type=\"elementskit-heading.default\">\n\t\t\t\t<div class=\"elementor-widget-container\">\n\t\t\t<div class=\"ekit-wid-con\" ><div class=\"ekit-heading elementskit-section-title-wraper text_left   ekit_heading_tablet-   ekit_heading_mobile-\"><h2 class=\"ekit-heading--title elementskit-section-title \">Opening Schedule<\/h2>\t\t\t\t<div class='ekit-heading__description'>\n\t\t\t\t\t<p>Jes\u00fas es un cineasta independiente, amante de la naturaleza y la monta\u00f1a e interesado en el perfil social de la realidad.<\/p>\n<p>\u00a0<\/p>\n<p>Hay dos ejes b\u00e1sicos en los que ha desarrollado su trabajo: el cine de monta\u00f1a y el relacionado con las culturas ind\u00edgenas.<\/p>\n<p>\u00a0<\/p>\n<p>Ha colaborado con el\u00a0<a class=\"enlace\" href=\"http:\/\/www.cric-colombia.org\/\">Consejo Regional Ind\u00edgena del Cauca (C.R.I.C.)<\/a>, en Colombia, en realizaci\u00f3n de v\u00eddeos etnogr\u00e1ficos y con la\u00a0<a class=\"enlace\" href=\"http:\/\/www.conaie.org\/\">Coordinadora de Nacionalidades Ind\u00edgenas de Ecuador (C.O.N.A.I.E.)<\/a>.<\/p>\n<p>\u00a0<\/p>\n<p>Como video-realizador ha trabajado para diversas instituciones p\u00fablicas y privadas y para varias ONGs.<\/p>\n<p>\u00a0<\/p>\n<p>Su actividad le ha llevado a una diversidad de pa\u00edses tanto europeos como en el exterior: Bolivia, Ecuador, Colombia, Guatemala, Argentina, Chile, Groenlandia,\u2026<\/p>\n<p>\u00a0<\/p>\n<p>Tambi\u00e9n en una diversidad de pa\u00edses ha dirigido diversos cursos relacionados con el trabajo popular, la animaci\u00f3n sociocultural y la utilizaci\u00f3n did\u00e1ctica de los medios audiovisuales.<\/p>\n<p>\u00a0<\/p>\n<p>Jes\u00fas es licenciado en Comunicaci\u00f3n Audiovisual, diplomado en Trabajo Social y corredor de fondo.<\/p>\n\t\t\t\t<\/div>\n\t\t\t<\/div><\/div>\t\t<\/div>\n\t\t\t\t<\/div>\n\t\t\t\t\t<\/div>\n\t\t<\/div>\n\t\t\t\t\t<\/div>\n\t\t<\/section>\n\t\t\t\t<section class=\"elementor-section elementor-top-section elementor-element elementor-element-1beb64a4 elementor-section-boxed elementor-section-height-default elementor-section-height-default\" data-id=\"1beb64a4\" data-element_type=\"section\" id=\"xs_cta_education\" data-settings=\"{&quot;background_background&quot;:&quot;slideshow&quot;,&quot;background_slideshow_gallery&quot;:[{&quot;id&quot;:100,&quot;url&quot;:&quot;https:\\\/\\\/mirapordonde.net\\\/wp-content\\\/uploads\\\/2024\\\/09\\\/DSC_2222-1-scaled.jpg&quot;}],&quot;background_slideshow_loop&quot;:&quot;yes&quot;,&quot;background_slideshow_slide_duration&quot;:5000,&quot;background_slideshow_slide_transition&quot;:&quot;fade&quot;,&quot;background_slideshow_transition_duration&quot;:500}\">\n\t\t\t\t\t\t<div class=\"elementor-container elementor-column-gap-default\">\n\t\t\t\t\t<div class=\"elementor-column elementor-col-100 elementor-top-column elementor-element elementor-element-10a96a75\" data-id=\"10a96a75\" data-element_type=\"column\" data-settings=\"{&quot;background_background&quot;:&quot;classic&quot;}\">\n\t\t\t<div class=\"elementor-widget-wrap elementor-element-populated\">\n\t\t\t\t\t\t<div class=\"elementor-element elementor-element-2d4f79c0 elementor-widget elementor-widget-elementskit-heading\" data-id=\"2d4f79c0\" data-element_type=\"widget\" data-widget_type=\"elementskit-heading.default\">\n\t\t\t\t<div class=\"elementor-widget-container\">\n\t\t\t<div class=\"ekit-wid-con\" ><div class=\"ekit-heading elementskit-section-title-wraper text_center   ekit_heading_tablet-   ekit_heading_mobile-\"><h2 class=\"ekit-heading--title elementskit-section-title \">Premios y menciones<\/h2>\t\t\t\t<div class='ekit-heading__description'>\n\t\t\t\t\t<h4>\u00a0<\/h4>\n<ul class=\"premios\">\n<li><span style=\"color: #ffffff\">XLVII Festival Internacional de Monta\u00f1a y Exploraci\u00f3n de Trento. Trento, Italia. Gentian de Oro a la Mejor pel\u00edcula de Alpinismo.<\/span><\/li>\n<li><span style=\"color: #ffffff\">XVI Festival Internacional de Cine de Monta\u00f1a. Teplice Nad Metuj\u00ed. Rep\u00fablica Checa. Premio Especial del Jurado.<\/span><\/li>\n<li><span style=\"color: #ffffff\">VII Festival Internacional de Cine de Monta\u00f1a de Poprad. Poprad, Eslovaquia. Mejor Pel\u00edcula de Monta\u00f1a.<\/span><\/li>\n<li><span style=\"color: #ffffff\">XXIV Banff Mountain Film Festival. Banff, Canada. Mejor Pel\u00edcula de Cultura de Monta\u00f1a.<\/span><\/li>\n<li><span style=\"color: #ffffff\">XI Festival Internacional de Cine de Monta\u00f1a y Aventura de Graz. Graz, Austria. Mejor Pel\u00edcula de Documentaci\u00f3n Alpina.<\/span><\/li>\n<li><span style=\"color: #ffffff\">III Festival Internacional de Cine y V\u00eddeo del Medio Ambiente. Gav\u00e1, Barcelona. Menci\u00f3n Especial del Jurado.<\/span><\/li>\n<li><span style=\"color: #ffffff\">XVI Festival Internacional de Cine de Monta\u00f1a y Aventura de Torell\u00f3. Torell\u00f3. Premio al Mejor Film de Monta\u00f1a.<\/span><\/li>\n<li><span style=\"color: #ffffff\">I Festival Internacional de Cine Deportivo Ciudad de Santander. Santander. Caracola de Oro a la mejor pel\u00edcula. Premio Consejer\u00eda de Cultura a la mejor pel\u00edcula espa\u00f1ola.<\/span><\/li>\n<li><span style=\"color: #ffffff\">II Festival Continental de Cine y Video de las Primeras Naciones. Quito, Ecuador. Premio Amaru Manta-Hualcavilca (Educaci\u00f3n y Capacitaci\u00f3n).<\/span><\/li>\n<li><span style=\"color: #ffffff\">III Festival de Cine y Video de las Primeras Naciones de Abya Yala. Quito, Ecuador. Premio Lanza de Amaru de la Nacionalidad Secoya para la categor\u00eda Participaci\u00f3n Pol\u00edtica.<\/span><\/li>\n<li><span style=\"color: #ffffff\">III Certamen de Video Argumental y Documental \u201cCuadrilla de Laguardia-Rioja Alavesa\u201d. Laguardia, Vitoria. Premio a la mejor Direcci\u00f3n de Video Documental.<\/span><\/li>\n<li><span style=\"color: #ffffff\">Concurso Nacional de Video de Lorca. Lorca, Murcia. Premio al Mejor Documental. Premio a la Mejor Realizaci\u00f3n.<\/span><\/li>\n<li><span style=\"color: #ffffff\">V Certamen de Video Cuadrilla de Laguardia-Rioja Alavesa. Laguardia, \u00c1lava. Mejor Documental.<\/span><\/li>\n<li><span style=\"color: #ffffff\">Certamen de Video \"Castillo de Montearag\u00f3n\". Huesca. Primer Premio.<\/span><\/li>\n<li><span style=\"color: #ffffff\">Premio de Expresi\u00f3n Pl\u00e1stica de la UNED. Fundaci\u00f3n \u201cRam\u00f3n J. Sender\u201d. Barbastro. Obra seleccionada e incorporada a la exposici\u00f3n itinerante.<\/span><\/li>\n<li><span style=\"color: #ffffff\">XIII Certamen de Video Casino de Villagarc\u00eda. Villagarc\u00eda de Arosa, Pontevedra. Primer Premio secci\u00f3n Video Documental.<\/span><\/li>\n<li><span style=\"color: #ffffff\">XXII Festival Internacional de Cine de Monta\u00f1a y Aventura de Torell\u00f3. Espa\u00f1a. 2004. Premio: \u201cTiempos de Aventura\u201d.<\/span><\/li>\n<li><span style=\"color: #ffffff\">XXI Festival Internacional de Cine de Monta\u00f1a y Aventura de Autrans. Francia. 2004. Premio: \u201cGrimpeurs des Alpes\u201d.<\/span><\/li>\n<li><span style=\"color: #ffffff\">III Wanaka Mountain Film Festival. Nueva Zelanda. 2005. Premio: \u201cAdventurous Lifestyles\u201d.<\/span><\/li>\n<li><span style=\"color: #ffffff\">XVI Festival Internacional de Cine de Aventura de la India. 2004. Premio: \u201cMejor Pel\u00edcula de Escalada\u201d.<\/span><\/li>\n<li><span style=\"color: #ffffff\">XXIII Dundee Mountain Film Festival. 2005. Escocia. \u201cPremio del P\u00fablico\u201d.<\/span><\/li>\n<li><span style=\"color: #ffffff\">Festival Internacional de Cine de Monta\u00f1a de Domzale. 2007. Eslovenia. Premio: \u201cMejor Pel\u00edcula de Escalada Alpina\u201d.<\/span><\/li>\n<li><span style=\"color: #ffffff\">50 Certamen de Pel\u00edculas de Excursiones, Reportajes y Documentales del Centro Excursionista de Catalu\u00f1a. Premio Especial de Monta\u00f1a Jordi Pons. Marzo 2008<\/span><\/li>\n<li><span style=\"color: #ffffff\">52 Certamen de Pel\u00edculas de Excursiones, Reportajes y Documentales del Centro Excursionista de Catalu\u00f1a. Premio Especial de Monta\u00f1a Jordi Pons. Marzo 2010<\/span><\/li>\n<\/ul>\n\t\t\t\t<\/div>\n\t\t\t<\/div><\/div>\t\t<\/div>\n\t\t\t\t<\/div>\n\t\t\t\t<div class=\"elementor-element elementor-element-2d283b78 elementor-widget elementor-widget-elementskit-button\" data-id=\"2d283b78\" data-element_type=\"widget\" data-widget_type=\"elementskit-button.default\">\n\t\t\t\t<div class=\"elementor-widget-container\">\n\t\t\t<div class=\"ekit-wid-con\" >\t\t<div class=\"ekit-btn-wraper\">\n\t\t\t\t\t\t\t<a href=\"#\" class=\"elementskit-btn  whitespace--normal\" id=\"\">\n\t\t\t\t\tContacto\t\t\t\t<\/a>\n\t\t\t\t\t<\/div>\n        <\/div>\t\t<\/div>\n\t\t\t\t<\/div>\n\t\t\t\t\t<\/div>\n\t\t<\/div>\n\t\t\t\t\t<\/div>\n\t\t<\/section>\n\t\t\t\t<section class=\"elementor-section elementor-top-section elementor-element elementor-element-56e41bc3 elementor-section-boxed elementor-section-height-default elementor-section-height-default\" data-id=\"56e41bc3\" data-element_type=\"section\">\n\t\t\t\t\t\t<div class=\"elementor-container elementor-column-gap-default\">\n\t\t\t\t\t<div class=\"elementor-column elementor-col-100 elementor-top-column elementor-element elementor-element-70299c82\" data-id=\"70299c82\" data-element_type=\"column\">\n\t\t\t<div class=\"elementor-widget-wrap elementor-element-populated\">\n\t\t\t\t\t\t<div class=\"elementor-element elementor-element-7910be5b elementor-widget elementor-widget-spacer\" data-id=\"7910be5b\" data-element_type=\"widget\" data-widget_type=\"spacer.default\">\n\t\t\t\t<div class=\"elementor-widget-container\">\n\t\t\t<style>\/*! elementor - v3.23.0 - 05-08-2024 *\/\n.elementor-column .elementor-spacer-inner{height:var(--spacer-size)}.e-con{--container-widget-width:100%}.e-con-inner>.elementor-widget-spacer,.e-con>.elementor-widget-spacer{width:var(--container-widget-width,var(--spacer-size));--align-self:var(--container-widget-align-self,initial);--flex-shrink:0}.e-con-inner>.elementor-widget-spacer>.elementor-widget-container,.e-con>.elementor-widget-spacer>.elementor-widget-container{height:100%;width:100%}.e-con-inner>.elementor-widget-spacer>.elementor-widget-container>.elementor-spacer,.e-con>.elementor-widget-spacer>.elementor-widget-container>.elementor-spacer{height:100%}.e-con-inner>.elementor-widget-spacer>.elementor-widget-container>.elementor-spacer>.elementor-spacer-inner,.e-con>.elementor-widget-spacer>.elementor-widget-container>.elementor-spacer>.elementor-spacer-inner{height:var(--container-widget-height,var(--spacer-size))}.e-con-inner>.elementor-widget-spacer.elementor-widget-empty,.e-con>.elementor-widget-spacer.elementor-widget-empty{position:relative;min-height:22px;min-width:22px}.e-con-inner>.elementor-widget-spacer.elementor-widget-empty .elementor-widget-empty-icon,.e-con>.elementor-widget-spacer.elementor-widget-empty .elementor-widget-empty-icon{position:absolute;top:0;bottom:0;left:0;right:0;margin:auto;padding:0;width:22px;height:22px}<\/style>\t\t<div class=\"elementor-spacer\">\n\t\t\t<div class=\"elementor-spacer-inner\"><\/div>\n\t\t<\/div>\n\t\t\t\t<\/div>\n\t\t\t\t<\/div>\n\t\t\t\t\t<\/div>\n\t\t<\/div>\n\t\t\t\t\t<\/div>\n\t\t<\/section>\n\t\t<div class=\"elementor-element elementor-element-f9a25d4 e-flex e-con-boxed e-con e-parent\" data-id=\"f9a25d4\" data-element_type=\"container\">\n\t\t\t\t\t<div class=\"e-con-inner\">\n\t\t\t\t\t<\/div>\n\t\t\t\t<\/div>\n\t\t\t\t<\/div>\n\t\t","protected":false},"excerpt":{"rendered":"<p>Jes\u00fas Bosque Filmograf\u00eda FILMOGRAF\u00cdA DE MONTA\u00d1AMonta\u00f1as de AyerHidrofiliaTercero de CuerdaFuenfr\u00edaMonta\u00f1as de CineHuella de VueltaViento Sur Desapegando Karim, non stop FILMOGRAFIA IND\u00cdGENAEl Baile de los NegritosCaloto, un a\u00f1o despu\u00e9sNasa TulNuestra Lengua es ImportanteAs\u00ed nos OrganizamosCantos HuaoranisAsalto a la Petrolera I y II OTRA FILMOGRAF\u00cdAUn Arag\u00f3n SolidarioLa Ruta de las Estrellas Las Lenguas de Arag\u00f3n Monroyo, un [&hellip;]<\/p>\n","protected":false},"author":1,"featured_media":0,"parent":0,"menu_order":0,"comment_status":"closed","ping_status":"closed","template":"elementor_canvas","meta":{"footnotes":""},"class_list":["post-7","page","type-page","status-publish","hentry"],"_links":{"self":[{"href":"https:\/\/mirapordonde.net\/index.php\/wp-json\/wp\/v2\/pages\/7","targetHints":{"allow":["GET"]}}],"collection":[{"href":"https:\/\/mirapordonde.net\/index.php\/wp-json\/wp\/v2\/pages"}],"about":[{"href":"https:\/\/mirapordonde.net\/index.php\/wp-json\/wp\/v2\/types\/page"}],"author":[{"embeddable":true,"href":"https:\/\/mirapordonde.net\/index.php\/wp-json\/wp\/v2\/users\/1"}],"replies":[{"embeddable":true,"href":"https:\/\/mirapordonde.net\/index.php\/wp-json\/wp\/v2\/comments?post=7"}],"version-history":[{"count":18,"href":"https:\/\/mirapordonde.net\/index.php\/wp-json\/wp\/v2\/pages\/7\/revisions"}],"predecessor-version":[{"id":150,"href":"https:\/\/mirapordonde.net\/index.php\/wp-json\/wp\/v2\/pages\/7\/revisions\/150"}],"wp:attachment":[{"href":"https:\/\/mirapordonde.net\/index.php\/wp-json\/wp\/v2\/media?parent=7"}],"curies":[{"name":"wp","href":"https:\/\/api.w.org\/{rel}","templated":true}]}}